{"id":98,"date":"2018-01-19T09:00:54","date_gmt":"2018-01-19T08:00:54","guid":{"rendered":"http:\/\/www.parkado.se\/cms\/?page_id=98"},"modified":"2018-01-19T09:00:54","modified_gmt":"2018-01-19T08:00:54","slug":"parkeringsformedling","status":"publish","type":"page","link":"https:\/\/www.parkado.se\/cms\/?page_id=98","title":{"rendered":"Parkeringsf\u00f6rmedling"},"content":{"rendered":"<p>Eftersom vi hanterar parkeringsytor kan vi f\u00f6rmedla parkeringsplatser f\u00f6r b\u00e5de kort- och l\u00e5ngtidsuthyrning. Detta g\u00f6r att parkeringsplatserna kan utnyttjas mer effektivt samtidigt som en parkeringsplatsinnehavare kan f\u00e5 ers\u00e4ttning f\u00f6r tid som inte utnyttjas f\u00f6r egen parkering.<\/p>\n<p>F\u00f6r effektiv parkeringsf\u00f6rmedling har vi en app i testfas som inom kort skall sl\u00e4ppas till allm\u00e4nheten.<\/p>\n","protected":false},"excerpt":{"rendered":"<p>Eftersom vi hanterar parkeringsytor kan vi f\u00f6rmedla parkeringsplatser f\u00f6r b\u00e5de kort- och l\u00e5ngtidsuthyrning. Detta g\u00f6r att parkeringsplatserna kan utnyttjas mer effektivt samtidigt som en parkeringsplatsinnehavare kan f\u00e5 ers\u00e4ttning f\u00f6r tid som inte utnyttjas f\u00f6r egen parkering. F\u00f6r effektiv parkeringsf\u00f6rmedling har vi en app i testfas som inom kort skall sl\u00e4ppas till allm\u00e4nheten.<\/p>\n","protected":false},"author":1,"featured_media":0,"parent":0,"menu_order":0,"comment_status":"closed","ping_status":"closed","template":"","meta":{"_regular_price":[],"currency_symbol":[]},"post_slider_layout_featured_media_urls":{"thumbnail":"","post_slider_layout_landscape_large":"","post_slider_layout_portrait_large":"","post_slider_layout_square_large":"","post_slider_layout_landscape":"","post_slider_layout_portrait":"","post_slider_layout_square":"","full":""},"_links":{"self":[{"href":"https:\/\/www.parkado.se\/cms\/index.php?rest_route=\/wp\/v2\/pages\/98"}],"collection":[{"href":"https:\/\/www.parkado.se\/cms\/index.php?rest_route=\/wp\/v2\/pages"}],"about":[{"href":"https:\/\/www.parkado.se\/cms\/index.php?rest_route=\/wp\/v2\/types\/page"}],"author":[{"embeddable":true,"href":"https:\/\/www.parkado.se\/cms\/index.php?rest_route=\/wp\/v2\/users\/1"}],"replies":[{"embeddable":true,"href":"https:\/\/www.parkado.se\/cms\/index.php?rest_route=%2Fwp%2Fv2%2Fcomments&post=98"}],"version-history":[{"count":1,"href":"https:\/\/www.parkado.se\/cms\/index.php?rest_route=\/wp\/v2\/pages\/98\/revisions"}],"predecessor-version":[{"id":99,"href":"https:\/\/www.parkado.se\/cms\/index.php?rest_route=\/wp\/v2\/pages\/98\/revisions\/99"}],"wp:attachment":[{"href":"https:\/\/www.parkado.se\/cms\/index.php?rest_route=%2Fwp%2Fv2%2Fmedia&parent=98"}],"curies":[{"name":"wp","href":"https:\/\/api.w.org\/{rel}","templated":true}]}}