{"id":51,"date":"2017-01-11T18:35:16","date_gmt":"2017-01-11T17:35:16","guid":{"rendered":"http:\/\/www.parkado.se\/cms\/?page_id=51"},"modified":"2017-08-24T11:50:59","modified_gmt":"2017-08-24T09:50:59","slug":"sekretesspolicy-svenska","status":"publish","type":"page","link":"https:\/\/www.parkado.se\/cms\/?page_id=51","title":{"rendered":"Sekretesspolicy"},"content":{"rendered":"<p>Android-appen Parkado Parkering beg\u00e4r f\u00f6ljande beh\u00f6righeter<\/p>\n<ul>\n<li>Kamera &#8211; F\u00f6r att kunna ta bilder i dokumenteringssyfte.<\/li>\n<li>Bluetooth &#8211; F\u00f6r att kunna kommunicera med skrivare<\/li>\n<li>Enhetsinformation (telnr) &#8211; F\u00f6r att kunna s\u00e4kerst\u00e4lla att r\u00e4tt anv\u00e4ndare \/ telefon anv\u00e4nder appen.<\/li>\n<li>Spara till enhetens lagringsutrymme &#8211; F\u00f6r att kunna spara tagna bilder p\u00e5 enheten.<\/li>\n<li>Internet &#8211; F\u00f6r att kunna kommunicera med Parkados-server. All kommunikation \u00e4r krypterad.<\/li>\n<li>Eventuella \u00f6vriga beh\u00f6righeter finns enbart i testsyfte och kommer att plockas bort om de ej \u00e4r n\u00f6dv\u00e4ndiga f\u00f6r att appen skall fungera.<\/li>\n<\/ul>\n<p>Appen samlar in information som anv\u00e4ndaren skriver in n\u00e4r p-b\u00f6ter utf\u00e4rdas.<\/p>\n<p>Denna information inklusive eventuella bilder anv\u00e4nds enbart i syfte att driva in parkeringsavgifter.<\/p>\n<p>Anv\u00e4ndaren kan beg\u00e4ra ut information om samtliga sina l\u00e4mnade parkeringsavgifter samt \u00e4ven beg\u00e4ra att bilder tas bort ur registret. Eventuella backuper av bilderna f\u00f6rsvinner n\u00e4r backupen roteras enligt det schema som finns.<\/p>\n","protected":false},"excerpt":{"rendered":"<p>Android-appen Parkado Parkering beg\u00e4r f\u00f6ljande beh\u00f6righeter Kamera &#8211; F\u00f6r att kunna ta bilder i dokumenteringssyfte. Bluetooth &#8211; F\u00f6r att kunna kommunicera med skrivare Enhetsinformation (telnr) &#8211; F\u00f6r att kunna s\u00e4kerst\u00e4lla att r\u00e4tt anv\u00e4ndare \/ telefon anv\u00e4nder appen. Spara till enhetens lagringsutrymme &#8211; F\u00f6r att kunna spara tagna bilder p\u00e5 enheten. Internet &#8211; F\u00f6r att kunna&hellip; <a class=\"more-link\" href=\"https:\/\/www.parkado.se\/cms\/?page_id=51\">Forts\u00e4tt l\u00e4sa <span class=\"screen-reader-text\">Sekretesspolicy<\/span><\/a><\/p>\n","protected":false},"author":1,"featured_media":0,"parent":17,"menu_order":0,"comment_status":"closed","ping_status":"closed","template":"","meta":{"_regular_price":[],"currency_symbol":[]},"post_slider_layout_featured_media_urls":{"thumbnail":"","post_slider_layout_landscape_large":"","post_slider_layout_portrait_large":"","post_slider_layout_square_large":"","post_slider_layout_landscape":"","post_slider_layout_portrait":"","post_slider_layout_square":"","full":""},"_links":{"self":[{"href":"https:\/\/www.parkado.se\/cms\/index.php?rest_route=\/wp\/v2\/pages\/51"}],"collection":[{"href":"https:\/\/www.parkado.se\/cms\/index.php?rest_route=\/wp\/v2\/pages"}],"about":[{"href":"https:\/\/www.parkado.se\/cms\/index.php?rest_route=\/wp\/v2\/types\/page"}],"author":[{"embeddable":true,"href":"https:\/\/www.parkado.se\/cms\/index.php?rest_route=\/wp\/v2\/users\/1"}],"replies":[{"embeddable":true,"href":"https:\/\/www.parkado.se\/cms\/index.php?rest_route=%2Fwp%2Fv2%2Fcomments&post=51"}],"version-history":[{"count":4,"href":"https:\/\/www.parkado.se\/cms\/index.php?rest_route=\/wp\/v2\/pages\/51\/revisions"}],"predecessor-version":[{"id":78,"href":"https:\/\/www.parkado.se\/cms\/index.php?rest_route=\/wp\/v2\/pages\/51\/revisions\/78"}],"up":[{"embeddable":true,"href":"https:\/\/www.parkado.se\/cms\/index.php?rest_route=\/wp\/v2\/pages\/17"}],"wp:attachment":[{"href":"https:\/\/www.parkado.se\/cms\/index.php?rest_route=%2Fwp%2Fv2%2Fmedia&parent=51"}],"curies":[{"name":"wp","href":"https:\/\/api.w.org\/{rel}","templated":true}]}}