{"id":45,"date":"2016-10-01T18:35:41","date_gmt":"2016-10-01T16:35:41","guid":{"rendered":"http:\/\/www.parkado.se\/cms\/?page_id=45"},"modified":"2018-01-22T20:47:45","modified_gmt":"2018-01-22T19:47:45","slug":"har-du-fatt-en-kontrollavgift-p-bot","status":"publish","type":"page","link":"https:\/\/www.parkado.se\/cms\/?page_id=45","title":{"rendered":"Har du f\u00e5tt en kontrollavgift (p-bot)?"},"content":{"rendered":"<p>Om ni har f\u00e5tt en kontrollavgift har ni med st\u00f6rsta sannolikhet inte f\u00f6ljt de parkeringsbest\u00e4mmelser som g\u00e4ller p\u00e5 fastighets\u00e4garens mark.<\/p>\n<p>Kontrollavgiften \u00e4r en konsekvens av en bruten ordningsregel.<\/p>\n<p>Om ni vill inv\u00e4nda mot kontrolluppgiften m\u00e5ste ni kunna visa n\u00e5got av f\u00f6ljande<\/p>\n<ul>\n<li>Att ni inte brutit n\u00e5gon parkeringsbest\u00e4mmelse.<\/li>\n<li>Att fastighets\u00e4garen inte f\u00f6ljt lagens best\u00e4mmelser g\u00e4llande lagen om kontrollavgift vid olovlig parkering (<a href=\"https:\/\/lagen.nu\/1984:318\">lag 1984:318<\/a>).<\/li>\n<\/ul>\n<p><a href=\"https:\/\/services.notima.se\/ticketService\/\">F\u00f6r att hantera er kontrollavgift kan ni logga in med webbkod och registreringsnummer<\/a>. Denna kod hittar ni p\u00e5 er kontrollavgift.<\/p>\n<p>&nbsp;<\/p>\n","protected":false},"excerpt":{"rendered":"<p>Om ni har f\u00e5tt en kontrollavgift har ni med st\u00f6rsta sannolikhet inte f\u00f6ljt de parkeringsbest\u00e4mmelser som g\u00e4ller p\u00e5 fastighets\u00e4garens mark. Kontrollavgiften \u00e4r en konsekvens av en bruten ordningsregel. Om ni vill inv\u00e4nda mot kontrolluppgiften m\u00e5ste ni kunna visa n\u00e5got av f\u00f6ljande Att ni inte brutit n\u00e5gon parkeringsbest\u00e4mmelse. Att fastighets\u00e4garen inte f\u00f6ljt lagens best\u00e4mmelser g\u00e4llande lagen&hellip; <a class=\"more-link\" href=\"https:\/\/www.parkado.se\/cms\/?page_id=45\">Forts\u00e4tt l\u00e4sa <span class=\"screen-reader-text\">Har du f\u00e5tt en kontrollavgift (p-bot)?<\/span><\/a><\/p>\n","protected":false},"author":1,"featured_media":0,"parent":41,"menu_order":30,"comment_status":"closed","ping_status":"closed","template":"","meta":{"_regular_price":[],"currency_symbol":[]},"post_slider_layout_featured_media_urls":{"thumbnail":"","post_slider_layout_landscape_large":"","post_slider_layout_portrait_large":"","post_slider_layout_square_large":"","post_slider_layout_landscape":"","post_slider_layout_portrait":"","post_slider_layout_square":"","full":""},"_links":{"self":[{"href":"https:\/\/www.parkado.se\/cms\/index.php?rest_route=\/wp\/v2\/pages\/45"}],"collection":[{"href":"https:\/\/www.parkado.se\/cms\/index.php?rest_route=\/wp\/v2\/pages"}],"about":[{"href":"https:\/\/www.parkado.se\/cms\/index.php?rest_route=\/wp\/v2\/types\/page"}],"author":[{"embeddable":true,"href":"https:\/\/www.parkado.se\/cms\/index.php?rest_route=\/wp\/v2\/users\/1"}],"replies":[{"embeddable":true,"href":"https:\/\/www.parkado.se\/cms\/index.php?rest_route=%2Fwp%2Fv2%2Fcomments&post=45"}],"version-history":[{"count":4,"href":"https:\/\/www.parkado.se\/cms\/index.php?rest_route=\/wp\/v2\/pages\/45\/revisions"}],"predecessor-version":[{"id":92,"href":"https:\/\/www.parkado.se\/cms\/index.php?rest_route=\/wp\/v2\/pages\/45\/revisions\/92"}],"up":[{"embeddable":true,"href":"https:\/\/www.parkado.se\/cms\/index.php?rest_route=\/wp\/v2\/pages\/41"}],"wp:attachment":[{"href":"https:\/\/www.parkado.se\/cms\/index.php?rest_route=%2Fwp%2Fv2%2Fmedia&parent=45"}],"curies":[{"name":"wp","href":"https:\/\/api.w.org\/{rel}","templated":true}]}}