{"id":26,"date":"2016-06-08T17:36:20","date_gmt":"2016-06-08T15:36:20","guid":{"rendered":"http:\/\/www.parkado.se\/cms\/?page_id=26"},"modified":"2016-06-08T17:36:20","modified_gmt":"2016-06-08T15:36:20","slug":"kom-igang","status":"publish","type":"page","link":"https:\/\/www.parkado.se\/cms\/?page_id=26","title":{"rendered":"Kom ig\u00e5ng"},"content":{"rendered":"<p>Det f\u00f6rsta ni beh\u00f6ver \u00e4r en parkeringsskrivare.<\/p>\n<p>Steg 1:<\/p>\n<p>Parkoppla skrivaren<\/p>\n<ol>\n<li>S\u00e4tt ig\u00e5ng skrivaren med powerknappen.<\/li>\n<li>G\u00e5 in p\u00e5 mobiltelefonens inst\u00e4llningar -&gt; Bluetooth -&gt; S\u00f6k<\/li>\n<li>Enheten syns med namnet &#8221;Mobile Printer&#8221;. Pinkoden \u00e4r 0000.<\/li>\n<li>\u00d6ppna appen &#8221;Parkado Parkering&#8221;.<\/li>\n<li>V\u00e4lj skrivare.<\/li>\n<li>Pr\u00f6va skriv ut.<\/li>\n<\/ol>\n","protected":false},"excerpt":{"rendered":"<p>Det f\u00f6rsta ni beh\u00f6ver \u00e4r en parkeringsskrivare. Steg 1: Parkoppla skrivaren S\u00e4tt ig\u00e5ng skrivaren med powerknappen. G\u00e5 in p\u00e5 mobiltelefonens inst\u00e4llningar -&gt; Bluetooth -&gt; S\u00f6k Enheten syns med namnet &#8221;Mobile Printer&#8221;. Pinkoden \u00e4r 0000. \u00d6ppna appen &#8221;Parkado Parkering&#8221;. V\u00e4lj skrivare. Pr\u00f6va skriv ut.<\/p>\n","protected":false},"author":1,"featured_media":0,"parent":24,"menu_order":0,"comment_status":"closed","ping_status":"open","template":"","meta":{"_regular_price":[],"currency_symbol":[]},"post_slider_layout_featured_media_urls":{"thumbnail":"","post_slider_layout_landscape_large":"","post_slider_layout_portrait_large":"","post_slider_layout_square_large":"","post_slider_layout_landscape":"","post_slider_layout_portrait":"","post_slider_layout_square":"","full":""},"_links":{"self":[{"href":"https:\/\/www.parkado.se\/cms\/index.php?rest_route=\/wp\/v2\/pages\/26"}],"collection":[{"href":"https:\/\/www.parkado.se\/cms\/index.php?rest_route=\/wp\/v2\/pages"}],"about":[{"href":"https:\/\/www.parkado.se\/cms\/index.php?rest_route=\/wp\/v2\/types\/page"}],"author":[{"embeddable":true,"href":"https:\/\/www.parkado.se\/cms\/index.php?rest_route=\/wp\/v2\/users\/1"}],"replies":[{"embeddable":true,"href":"https:\/\/www.parkado.se\/cms\/index.php?rest_route=%2Fwp%2Fv2%2Fcomments&post=26"}],"version-history":[{"count":1,"href":"https:\/\/www.parkado.se\/cms\/index.php?rest_route=\/wp\/v2\/pages\/26\/revisions"}],"predecessor-version":[{"id":27,"href":"https:\/\/www.parkado.se\/cms\/index.php?rest_route=\/wp\/v2\/pages\/26\/revisions\/27"}],"up":[{"embeddable":true,"href":"https:\/\/www.parkado.se\/cms\/index.php?rest_route=\/wp\/v2\/pages\/24"}],"wp:attachment":[{"href":"https:\/\/www.parkado.se\/cms\/index.php?rest_route=%2Fwp%2Fv2%2Fmedia&parent=26"}],"curies":[{"name":"wp","href":"https:\/\/api.w.org\/{rel}","templated":true}]}}