{"id":24,"date":"2016-06-08T17:32:36","date_gmt":"2016-06-08T15:32:36","guid":{"rendered":"http:\/\/www.parkado.se\/cms\/?page_id=24"},"modified":"2018-01-19T09:12:21","modified_gmt":"2018-01-19T08:12:21","slug":"parkeringsinnehavare","status":"publish","type":"page","link":"https:\/\/www.parkado.se\/cms\/?page_id=24","title":{"rendered":"Parkeringsinnehavare"},"content":{"rendered":"<p>Som parkeringsinnehavare ansluten till v\u00e5rt parkeringshanteringssystem f\u00e5r ni<\/p>\n<ul>\n<li>En tydlig avtalshantering mot fastighets\u00e4garen<\/li>\n<li>M\u00f6jlighet till andrahandsuthyrning via v\u00e5r app. Ni kan sj\u00e4lv v\u00e4lja n\u00e4r, hur och till vem ni vill hyra ut samt prisniv\u00e5.<\/li>\n<li>Effektiv parkerings\u00f6vervakning d\u00e5 \u00f6vertr\u00e4delser snabbt hanteras och skickas till n\u00e4rmsta \u00f6vervakare f\u00f6r beivrande.<\/li>\n<\/ul>\n<p>Utbetalningar av intj\u00e4nade parkeringsavgifter sker med de intervall ni sj\u00e4lv v\u00e4ljer och till anvisat konto. Intj\u00e4nade parkeringsavgifter kan \u00e4ven anv\u00e4ndas f\u00f6r att betala egen parkering.<\/p>\n<p>&nbsp;<\/p>\n","protected":false},"excerpt":{"rendered":"<p>Som parkeringsinnehavare ansluten till v\u00e5rt parkeringshanteringssystem f\u00e5r ni En tydlig avtalshantering mot fastighets\u00e4garen M\u00f6jlighet till andrahandsuthyrning via v\u00e5r app. Ni kan sj\u00e4lv v\u00e4lja n\u00e4r, hur och till vem ni vill hyra ut samt prisniv\u00e5. Effektiv parkerings\u00f6vervakning d\u00e5 \u00f6vertr\u00e4delser snabbt hanteras och skickas till n\u00e4rmsta \u00f6vervakare f\u00f6r beivrande. Utbetalningar av intj\u00e4nade parkeringsavgifter sker med de intervall&hellip; <a class=\"more-link\" href=\"https:\/\/www.parkado.se\/cms\/?page_id=24\">Forts\u00e4tt l\u00e4sa <span class=\"screen-reader-text\">Parkeringsinnehavare<\/span><\/a><\/p>\n","protected":false},"author":1,"featured_media":0,"parent":0,"menu_order":0,"comment_status":"closed","ping_status":"open","template":"","meta":{"_regular_price":[],"currency_symbol":[]},"post_slider_layout_featured_media_urls":{"thumbnail":"","post_slider_layout_landscape_large":"","post_slider_layout_portrait_large":"","post_slider_layout_square_large":"","post_slider_layout_landscape":"","post_slider_layout_portrait":"","post_slider_layout_square":"","full":""},"_links":{"self":[{"href":"https:\/\/www.parkado.se\/cms\/index.php?rest_route=\/wp\/v2\/pages\/24"}],"collection":[{"href":"https:\/\/www.parkado.se\/cms\/index.php?rest_route=\/wp\/v2\/pages"}],"about":[{"href":"https:\/\/www.parkado.se\/cms\/index.php?rest_route=\/wp\/v2\/types\/page"}],"author":[{"embeddable":true,"href":"https:\/\/www.parkado.se\/cms\/index.php?rest_route=\/wp\/v2\/users\/1"}],"replies":[{"embeddable":true,"href":"https:\/\/www.parkado.se\/cms\/index.php?rest_route=%2Fwp%2Fv2%2Fcomments&post=24"}],"version-history":[{"count":4,"href":"https:\/\/www.parkado.se\/cms\/index.php?rest_route=\/wp\/v2\/pages\/24\/revisions"}],"predecessor-version":[{"id":104,"href":"https:\/\/www.parkado.se\/cms\/index.php?rest_route=\/wp\/v2\/pages\/24\/revisions\/104"}],"wp:attachment":[{"href":"https:\/\/www.parkado.se\/cms\/index.php?rest_route=%2Fwp%2Fv2%2Fmedia&parent=24"}],"curies":[{"name":"wp","href":"https:\/\/api.w.org\/{rel}","templated":true}]}}