{"id":21,"date":"2016-09-06T18:35:46","date_gmt":"2016-09-06T16:35:46","guid":{"rendered":"http:\/\/www.parkado.se\/cms\/?page_id=21"},"modified":"2018-01-19T09:07:46","modified_gmt":"2018-01-19T08:07:46","slug":"fastighetsagare","status":"publish","type":"page","link":"https:\/\/www.parkado.se\/cms\/?page_id=21","title":{"rendered":"Fastighets\u00e4gare"},"content":{"rendered":"<p>V\u00e5rt erbjudande till er som fastighets\u00e4gare \u00e4r nytt s\u00e4tt att administrera parkeringar och bedriva parkerings\u00f6vervakning.<\/p>\n<h3>Avtalshantering<\/h3>\n<p>Som fastighets\u00e4gare best\u00e4mmer man hur marken f\u00e5r anv\u00e4ndas inklusive parkeringsbest\u00e4mmelser. Parkeringar hanteras normalt med avtal.<\/p>\n<p>Vi tillhandah\u00e5ller<\/p>\n<ul>\n<li>Webbaserat parkeringsregister f\u00f6r f\u00f6rstahands och andrahandsuthyrning.<\/li>\n<li>Andrahandsuthyrning g\u00e5r att styra mot allm\u00e4nheten via v\u00e5r parkeringsf\u00f6rmedlingsapp.<\/li>\n<\/ul>\n<h3>Parkerings\u00f6vervakning<\/h3>\n<ul>\n<li>Fastighets\u00e4garen och\/eller de som nyttjar parkeringarna har b\u00e4st koll p\u00e5 sina egna parkeringar och tillh\u00f6rande mark.<\/li>\n<li>Den som drabbas av felparkeringar \u00e4r de boende och de som parkeringarna \u00e4r till f\u00f6r.<\/li>\n<li>Den som enklast och mest effektivt kan \u00f6vervaka era parkeringar utan att patrullera runt i en bil \u00e4r de som redan \u00e4r p\u00e5 plats.<\/li>\n<\/ul>\n<p>Vi tillhandah\u00e5ller<\/p>\n<ul>\n<li>Skyltning<\/li>\n<li>Utbildning<\/li>\n<li>B\u00e4rbar skrivare<\/li>\n<li>P-botsrullar<\/li>\n<li>\u00c4rendehantering<\/li>\n<li>Kravrutin<\/li>\n<li>Pr\u00f6vning, dvs ifall \u00e4rendet bed\u00f6ms vara ett fall f\u00f6r domstol.<\/li>\n<\/ul>\n<p><a href=\"http:\/\/www.parkado.se\/cms\/wp-content\/uploads\/2016\/09\/Mobil_med_skrivare.png\"><img loading=\"lazy\" class=\"alignnone size-medium wp-image-94\" src=\"http:\/\/www.parkado.se\/cms\/wp-content\/uploads\/2016\/09\/Mobil_med_skrivare-300x269.png\" alt=\"\" width=\"300\" height=\"269\" srcset=\"https:\/\/www.parkado.se\/cms\/wp-content\/uploads\/2016\/09\/Mobil_med_skrivare-300x269.png 300w, https:\/\/www.parkado.se\/cms\/wp-content\/uploads\/2016\/09\/Mobil_med_skrivare-768x688.png 768w, https:\/\/www.parkado.se\/cms\/wp-content\/uploads\/2016\/09\/Mobil_med_skrivare.png 800w\" sizes=\"(max-width: 300px) 100vw, 300px\" \/><\/a><\/p>\n<p><a href=\"http:\/\/www.parkado.se\/cms\/?page_id=12\">Kontakta oss<\/a> f\u00f6r mer information om v\u00e5rt erbjudande till fastighets\u00e4gare.<\/p>\n<p>Ni kan \u00e4ven ans\u00f6ka om att <a href=\"http:\/\/www.parkado.se\/cms\/?page_id=84\">bli pilotkund<\/a> f\u00f6r att tillsammans med oss utveckla den b\u00e4sta l\u00f6sningen f\u00f6r parkerings\u00f6vervakning.<\/p>\n","protected":false},"excerpt":{"rendered":"<p>V\u00e5rt erbjudande till er som fastighets\u00e4gare \u00e4r nytt s\u00e4tt att administrera parkeringar och bedriva parkerings\u00f6vervakning. Avtalshantering Som fastighets\u00e4gare best\u00e4mmer man hur marken f\u00e5r anv\u00e4ndas inklusive parkeringsbest\u00e4mmelser. Parkeringar hanteras normalt med avtal. Vi tillhandah\u00e5ller Webbaserat parkeringsregister f\u00f6r f\u00f6rstahands och andrahandsuthyrning. Andrahandsuthyrning g\u00e5r att styra mot allm\u00e4nheten via v\u00e5r parkeringsf\u00f6rmedlingsapp. Parkerings\u00f6vervakning Fastighets\u00e4garen och\/eller de som nyttjar parkeringarna&hellip; <a class=\"more-link\" href=\"https:\/\/www.parkado.se\/cms\/?page_id=21\">Forts\u00e4tt l\u00e4sa <span class=\"screen-reader-text\">Fastighets\u00e4gare<\/span><\/a><\/p>\n","protected":false},"author":1,"featured_media":0,"parent":0,"menu_order":0,"comment_status":"closed","ping_status":"open","template":"","meta":{"_regular_price":[],"currency_symbol":[]},"post_slider_layout_featured_media_urls":{"thumbnail":"","post_slider_layout_landscape_large":"","post_slider_layout_portrait_large":"","post_slider_layout_square_large":"","post_slider_layout_landscape":"","post_slider_layout_portrait":"","post_slider_layout_square":"","full":""},"_links":{"self":[{"href":"https:\/\/www.parkado.se\/cms\/index.php?rest_route=\/wp\/v2\/pages\/21"}],"collection":[{"href":"https:\/\/www.parkado.se\/cms\/index.php?rest_route=\/wp\/v2\/pages"}],"about":[{"href":"https:\/\/www.parkado.se\/cms\/index.php?rest_route=\/wp\/v2\/types\/page"}],"author":[{"embeddable":true,"href":"https:\/\/www.parkado.se\/cms\/index.php?rest_route=\/wp\/v2\/users\/1"}],"replies":[{"embeddable":true,"href":"https:\/\/www.parkado.se\/cms\/index.php?rest_route=%2Fwp%2Fv2%2Fcomments&post=21"}],"version-history":[{"count":8,"href":"https:\/\/www.parkado.se\/cms\/index.php?rest_route=\/wp\/v2\/pages\/21\/revisions"}],"predecessor-version":[{"id":101,"href":"https:\/\/www.parkado.se\/cms\/index.php?rest_route=\/wp\/v2\/pages\/21\/revisions\/101"}],"wp:attachment":[{"href":"https:\/\/www.parkado.se\/cms\/index.php?rest_route=%2Fwp%2Fv2%2Fmedia&parent=21"}],"curies":[{"name":"wp","href":"https:\/\/api.w.org\/{rel}","templated":true}]}}