{"id":17,"date":"2015-03-22T11:22:50","date_gmt":"2015-03-22T10:22:50","guid":{"rendered":"http:\/\/www.parkado.se\/cms\/?page_id=17"},"modified":"2021-04-20T19:34:31","modified_gmt":"2021-04-20T17:34:31","slug":"om-parkado-2","status":"publish","type":"page","link":"https:\/\/www.parkado.se\/cms\/","title":{"rendered":"Om Parkado"},"content":{"rendered":"\n<p>Parkado erbjuder l\u00f6sningar f\u00f6r parkeringsytor. I detta ing\u00e5r bl a<\/p>\n\n\n\n<ul><li>System f\u00f6r parkerings\u00f6vervakning<\/li><li>Parkeringsf\u00f6rmedling \/ hantering<\/li><li><a href=\"https:\/\/www.parkado.se\/cms\/?page_id=128\" data-type=\"page\" data-id=\"128\">Laddl\u00f6sningar<\/a> f\u00f6r elbilar<\/li><\/ul>\n","protected":false},"excerpt":{"rendered":"<p>Parkado erbjuder l\u00f6sningar f\u00f6r parkeringsytor. I detta ing\u00e5r bl a System f\u00f6r parkerings\u00f6vervakning Parkeringsf\u00f6rmedling \/ hantering Laddl\u00f6sningar f\u00f6r elbilar<\/p>\n","protected":false},"author":1,"featured_media":0,"parent":0,"menu_order":0,"comment_status":"closed","ping_status":"open","template":"","meta":{"_regular_price":[],"currency_symbol":[]},"post_slider_layout_featured_media_urls":{"thumbnail":"","post_slider_layout_landscape_large":"","post_slider_layout_portrait_large":"","post_slider_layout_square_large":"","post_slider_layout_landscape":"","post_slider_layout_portrait":"","post_slider_layout_square":"","full":""},"_links":{"self":[{"href":"https:\/\/www.parkado.se\/cms\/index.php?rest_route=\/wp\/v2\/pages\/17"}],"collection":[{"href":"https:\/\/www.parkado.se\/cms\/index.php?rest_route=\/wp\/v2\/pages"}],"about":[{"href":"https:\/\/www.parkado.se\/cms\/index.php?rest_route=\/wp\/v2\/types\/page"}],"author":[{"embeddable":true,"href":"https:\/\/www.parkado.se\/cms\/index.php?rest_route=\/wp\/v2\/users\/1"}],"replies":[{"embeddable":true,"href":"https:\/\/www.parkado.se\/cms\/index.php?rest_route=%2Fwp%2Fv2%2Fcomments&post=17"}],"version-history":[{"count":7,"href":"https:\/\/www.parkado.se\/cms\/index.php?rest_route=\/wp\/v2\/pages\/17\/revisions"}],"predecessor-version":[{"id":130,"href":"https:\/\/www.parkado.se\/cms\/index.php?rest_route=\/wp\/v2\/pages\/17\/revisions\/130"}],"wp:attachment":[{"href":"https:\/\/www.parkado.se\/cms\/index.php?rest_route=%2Fwp%2Fv2%2Fmedia&parent=17"}],"curies":[{"name":"wp","href":"https:\/\/api.w.org\/{rel}","templated":true}]}}