{"id":128,"date":"2021-04-20T19:33:54","date_gmt":"2021-04-20T17:33:54","guid":{"rendered":"https:\/\/www.parkado.se\/cms\/?page_id=128"},"modified":"2021-04-20T19:37:11","modified_gmt":"2021-04-20T17:37:11","slug":"laddlosningar","status":"publish","type":"page","link":"https:\/\/www.parkado.se\/cms\/?page_id=128","title":{"rendered":"Laddl\u00f6sningar"},"content":{"rendered":"\n<p>I grunden handlar laddning om att tillhandah\u00e5lla elektricitet f\u00f6r att ladda en elbil.<\/p>\n\n\n\n<p>Det man beh\u00f6ver fundera p\u00e5 \u00e4r hur, n\u00e4r och hur mycket man vill tillhandah\u00e5lla elektriciteten.<\/p>\n\n\n\n<p>Om man vet att man alltid har en viss str\u00f6m tillg\u00e4nglig f\u00f6r laddning, det spelar ingen roll vilket pris elektriciteten kostar f\u00f6r tillf\u00e4llet, du inte vill ta betalt f\u00f6r laddningen och ingen \u00e5tkomstkontroll beh\u00f6vs g\u00e5r det att anv\u00e4nda de enklaste laddl\u00f6sningarna.<\/p>\n\n\n\n<p>Om man vill ha n\u00e5got av f\u00f6ljande<\/p>\n\n\n\n<ul><li>Lastbalansering, dvs anpassning av str\u00f6mstyrka utifr\u00e5n tillg\u00e4nglig kapacitet (inkl exempelvis \u00f6verskott p\u00e5 solel)<\/li><li>Kostnadsoptimering, dvs anpassning av str\u00f6mstyrka utifr\u00e5n pris p\u00e5 elektricitet<\/li><li>\u00c5tkomstkontroll<\/li><li>Ta betalt f\u00f6r laddning<\/li><\/ul>\n\n\n\n<p>beh\u00f6vs mer avancerade laddl\u00f6sningar.<\/p>\n","protected":false},"excerpt":{"rendered":"<p>I grunden handlar laddning om att tillhandah\u00e5lla elektricitet f\u00f6r att ladda en elbil. Det man beh\u00f6ver fundera p\u00e5 \u00e4r hur, n\u00e4r och hur mycket man vill tillhandah\u00e5lla elektriciteten. Om man vet att man alltid har en viss str\u00f6m tillg\u00e4nglig f\u00f6r laddning, det spelar ingen roll vilket pris elektriciteten kostar f\u00f6r tillf\u00e4llet, du inte vill ta&hellip; <a class=\"more-link\" href=\"https:\/\/www.parkado.se\/cms\/?page_id=128\">Forts\u00e4tt l\u00e4sa <span class=\"screen-reader-text\">Laddl\u00f6sningar<\/span><\/a><\/p>\n","protected":false},"author":1,"featured_media":0,"parent":0,"menu_order":0,"comment_status":"closed","ping_status":"closed","template":"","meta":{"_regular_price":[],"currency_symbol":[]},"post_slider_layout_featured_media_urls":{"thumbnail":"","post_slider_layout_landscape_large":"","post_slider_layout_portrait_large":"","post_slider_layout_square_large":"","post_slider_layout_landscape":"","post_slider_layout_portrait":"","post_slider_layout_square":"","full":""},"_links":{"self":[{"href":"https:\/\/www.parkado.se\/cms\/index.php?rest_route=\/wp\/v2\/pages\/128"}],"collection":[{"href":"https:\/\/www.parkado.se\/cms\/index.php?rest_route=\/wp\/v2\/pages"}],"about":[{"href":"https:\/\/www.parkado.se\/cms\/index.php?rest_route=\/wp\/v2\/types\/page"}],"author":[{"embeddable":true,"href":"https:\/\/www.parkado.se\/cms\/index.php?rest_route=\/wp\/v2\/users\/1"}],"replies":[{"embeddable":true,"href":"https:\/\/www.parkado.se\/cms\/index.php?rest_route=%2Fwp%2Fv2%2Fcomments&post=128"}],"version-history":[{"count":2,"href":"https:\/\/www.parkado.se\/cms\/index.php?rest_route=\/wp\/v2\/pages\/128\/revisions"}],"predecessor-version":[{"id":131,"href":"https:\/\/www.parkado.se\/cms\/index.php?rest_route=\/wp\/v2\/pages\/128\/revisions\/131"}],"wp:attachment":[{"href":"https:\/\/www.parkado.se\/cms\/index.php?rest_route=%2Fwp%2Fv2%2Fmedia&parent=128"}],"curies":[{"name":"wp","href":"https:\/\/api.w.org\/{rel}","templated":true}]}}