{"id":123,"date":"2021-04-17T10:24:43","date_gmt":"2021-04-17T08:24:43","guid":{"rendered":"https:\/\/www.parkado.se\/cms\/?page_id=123"},"modified":"2021-12-04T08:20:52","modified_gmt":"2021-12-04T07:20:52","slug":"laddstationer","status":"publish","type":"page","link":"https:\/\/www.parkado.se\/cms\/?page_id=123","title":{"rendered":"Laddstationer"},"content":{"rendered":"\n<p>Vi arbetar med ett antal olika laddstationer f\u00f6r att kunna uppfylla olika behov.<\/p>\n\n\n\n<p>Med laddstation menar vi en fast installation med ett typ-2 uttag.<\/p>\n\n\n\n<p>Laddstationer har egenskaper som definierar hur  &#8221;smarta&#8221; de \u00e4r. Vi har valt att kalla egenskaperna enligt nedan.<\/p>\n\n\n\n<h3>Grundl\u00e4ggande funktionalitet<\/h3>\n\n\n\n<p>En laddstation med grundl\u00e4ggande funktionalitet kan tillhandah\u00e5lla laddstr\u00f6m utifr\u00e5n en f\u00f6rinst\u00e4lld kapacitet f\u00f6r installationen.<\/p>\n\n\n\n<h3>Adaptiv str\u00f6mstyrka<\/h3>\n\n\n\n<p>En laddstation med adaptiv str\u00f6mstyrka kan automatiskt st\u00e4lla om sin str\u00f6mkapacitet beroende p\u00e5 en eller flera olika faktorer s\u00e5som<\/p>\n\n\n\n<ul><li>Tillg\u00e4nglig kapacitet<\/li><li>Tillg\u00e5ng till solel<\/li><li>Elpris<\/li><li>Tid \/ datum<\/li><\/ul>\n\n\n\n<h3>Lastbalansering<\/h3>\n\n\n\n<p>Stationer med st\u00f6d f\u00f6r lastbalansering kan konfigureras att i grupp dynamiskt f\u00f6rdela tillg\u00e4nglig str\u00f6m f\u00f6r hela gruppen. Egenskapen f\u00f6ruts\u00e4tter adaptiv str\u00f6mstyrka men med till\u00e4gget att stationerna g\u00e5r att konfigurera s\u00e5 att de samarbetar.<\/p>\n\n\n\n<h3>\u00c5tkomstkontroll<\/h3>\n\n\n\n<p>En station med \u00e5tkomstkontroll har teknik f\u00f6r att f\u00f6rhindra obeh\u00f6rig anv\u00e4ndning. Den vanligaste tekniken \u00e4r med s.k. RFID-brickor (taggar) eller med app-styrning.<\/p>\n\n\n\n<h3>St\u00f6d f\u00f6r laddsessioner<\/h3>\n\n\n\n<p>En laddstation med st\u00f6d f\u00f6r laddsessioner har teknik f\u00f6r att k\u00e4nna igen vem som laddar (\u00e5tkomstkontroll), m\u00e4tning per session och kan kommunicera med en central som hanterar och sammanst\u00e4ller sessionerna.<\/p>\n\n\n\n<p>OCPP \u00e4r ett vanligt protokoll som anv\u00e4nds f\u00f6r hantera laddsessioner.<\/p>\n\n\n\n<p>Om laddstationen har st\u00f6d f\u00f6r OCPP har man stor valfrihet i att v\u00e4lja operat\u00f6r \/ programvara f\u00f6r sin sessionshantering.<\/p>\n","protected":false},"excerpt":{"rendered":"<p>Vi arbetar med ett antal olika laddstationer f\u00f6r att kunna uppfylla olika behov. Med laddstation menar vi en fast installation med ett typ-2 uttag. Laddstationer har egenskaper som definierar hur &#8221;smarta&#8221; de \u00e4r. Vi har valt att kalla egenskaperna enligt nedan. Grundl\u00e4ggande funktionalitet En laddstation med grundl\u00e4ggande funktionalitet kan tillhandah\u00e5lla laddstr\u00f6m utifr\u00e5n en f\u00f6rinst\u00e4lld kapacitet&hellip; <a class=\"more-link\" href=\"https:\/\/www.parkado.se\/cms\/?page_id=123\">Forts\u00e4tt l\u00e4sa <span class=\"screen-reader-text\">Laddstationer<\/span><\/a><\/p>\n","protected":false},"author":1,"featured_media":0,"parent":0,"menu_order":0,"comment_status":"closed","ping_status":"closed","template":"","meta":{"_regular_price":[],"currency_symbol":[]},"post_slider_layout_featured_media_urls":{"thumbnail":"","post_slider_layout_landscape_large":"","post_slider_layout_portrait_large":"","post_slider_layout_square_large":"","post_slider_layout_landscape":"","post_slider_layout_portrait":"","post_slider_layout_square":"","full":""},"_links":{"self":[{"href":"https:\/\/www.parkado.se\/cms\/index.php?rest_route=\/wp\/v2\/pages\/123"}],"collection":[{"href":"https:\/\/www.parkado.se\/cms\/index.php?rest_route=\/wp\/v2\/pages"}],"about":[{"href":"https:\/\/www.parkado.se\/cms\/index.php?rest_route=\/wp\/v2\/types\/page"}],"author":[{"embeddable":true,"href":"https:\/\/www.parkado.se\/cms\/index.php?rest_route=\/wp\/v2\/users\/1"}],"replies":[{"embeddable":true,"href":"https:\/\/www.parkado.se\/cms\/index.php?rest_route=%2Fwp%2Fv2%2Fcomments&post=123"}],"version-history":[{"count":5,"href":"https:\/\/www.parkado.se\/cms\/index.php?rest_route=\/wp\/v2\/pages\/123\/revisions"}],"predecessor-version":[{"id":140,"href":"https:\/\/www.parkado.se\/cms\/index.php?rest_route=\/wp\/v2\/pages\/123\/revisions\/140"}],"wp:attachment":[{"href":"https:\/\/www.parkado.se\/cms\/index.php?rest_route=%2Fwp%2Fv2%2Fmedia&parent=123"}],"curies":[{"name":"wp","href":"https:\/\/api.w.org\/{rel}","templated":true}]}}