{"id":110,"date":"2018-01-22T20:47:17","date_gmt":"2018-01-22T19:47:17","guid":{"rendered":"http:\/\/www.parkado.se\/cms\/?page_id=110"},"modified":"2018-01-23T09:37:21","modified_gmt":"2018-01-23T08:37:21","slug":"hyra-parkering","status":"publish","type":"page","link":"https:\/\/www.parkado.se\/cms\/?page_id=110","title":{"rendered":"Hyra parkering"},"content":{"rendered":"<p>Som fordons\u00e4gare kan ni via v\u00e5rt parkeringsregister hyra en parkering b\u00e5de f\u00f6r kort- och l\u00e5ngtidshyra.<\/p>\n<p>Bokningen g\u00e5r till s\u00e5 att ni s\u00f6ker lediga parkeringar i det omr\u00e5de ni vill parkera. N\u00e4r ni hittar en parkering med l\u00e4mpligt pris och tidsintervall bokar ni parkeringen via appen.<\/p>\n<p>Den som \u00e4ger r\u00e4ttigheterna till parkeringen best\u00e4mmer priset, lediga tider, betalnings- och avbokningsvillkor.<\/p>\n<p>Betalningsvillkoren kan vara<\/p>\n<ol>\n<li>Betalning i f\u00f6rskott f\u00f6r bokad tid.<\/li>\n<li>Betalning i efterskott f\u00f6r utnyttjad tid.<\/li>\n<\/ol>\n<p>Vid en l\u00e4ngre bokning eller en h\u00e5rt eftertraktad parkeringsplats kan uthyraren v\u00e4lja att platsen skall betalas i f\u00f6rskott enligt alternativ 1. Detta f\u00f6r att minska risken f\u00f6r att platsen bokas men inte nyttjas.<\/p>\n<p>Betalningen av era parkeringar under m\u00e5naden kan l\u00e4ggas upp med eller utan kredit.<\/p>\n<h5>Med kredit<\/h5>\n<ul>\n<li>Samlingsfaktura m\u00e5nadsvis med eller utan autogiro.<\/li>\n<\/ul>\n<h5>Utan kredit<\/h5>\n<ul>\n<li>Ni betalar i f\u00f6rskott genom att fylla p\u00e5 ert konto hos oss med l\u00e4mpligt belopp (max 1000 kr). P\u00e5fyllning kan ske med f\u00f6ljande betals\u00e4tt\n<ul>\n<li>Inbetalning via bankgiro<\/li>\n<li>Kortbetalning<\/li>\n<li>PayPal<\/li>\n<\/ul>\n<\/li>\n<\/ul>\n<p>Vid ett \u00f6verskott p\u00e5 ert konto kan ni n\u00e4r som helst be att f\u00e5 beloppet utbetalt.<\/p>\n<h3>Reklamera parkering<\/h3>\n<p>Om ni har bokat en parkering och den inte uppfyller utlovade krav kan ni reklamera parkeringen. Detta g\u00f6rs direkt i appen och b\u00f6r g\u00f6ras p\u00e5 plats vid parkeringen. Reklamationen skall inneh\u00e5lla ett fotografi p\u00e5 parkeringsplatsen samt sk\u00e4l f\u00f6r reklamation. Reklamationer senare \u00e4n 1 timme efter parkeringens start godtas ej.<\/p>\n<h3>Upptagen parkering vid bokning<\/h3>\n<p>Om parkeringen \u00e4r upptagen av annat fordon vid bokningens b\u00f6rjan g\u00f6r ni en anm\u00e4lan om felparkering. Detta g\u00f6rs via appen. Ingen avgift utg\u00e5r d\u00e5 f\u00f6r er bokade parkering d\u00e5 den ej g\u00e5r att nyttja.<\/p>\n<h3>Moms<\/h3>\n<p>Parkeringsytor kan hyras ut med eller utan moms beroende p\u00e5 hur fastighets\u00e4garen har valt att driva sin verksamhet. Eventuell moms specificeras b\u00e5de vid bokning och vid kvittens p\u00e5 betald och avslutad parkering.<\/p>\n","protected":false},"excerpt":{"rendered":"<p>Som fordons\u00e4gare kan ni via v\u00e5rt parkeringsregister hyra en parkering b\u00e5de f\u00f6r kort- och l\u00e5ngtidshyra. Bokningen g\u00e5r till s\u00e5 att ni s\u00f6ker lediga parkeringar i det omr\u00e5de ni vill parkera. N\u00e4r ni hittar en parkering med l\u00e4mpligt pris och tidsintervall bokar ni parkeringen via appen. Den som \u00e4ger r\u00e4ttigheterna till parkeringen best\u00e4mmer priset, lediga tider,&hellip; <a class=\"more-link\" href=\"https:\/\/www.parkado.se\/cms\/?page_id=110\">Forts\u00e4tt l\u00e4sa <span class=\"screen-reader-text\">Hyra parkering<\/span><\/a><\/p>\n","protected":false},"author":1,"featured_media":0,"parent":41,"menu_order":0,"comment_status":"closed","ping_status":"closed","template":"","meta":{"_regular_price":[],"currency_symbol":[]},"post_slider_layout_featured_media_urls":{"thumbnail":"","post_slider_layout_landscape_large":"","post_slider_layout_portrait_large":"","post_slider_layout_square_large":"","post_slider_layout_landscape":"","post_slider_layout_portrait":"","post_slider_layout_square":"","full":""},"_links":{"self":[{"href":"https:\/\/www.parkado.se\/cms\/index.php?rest_route=\/wp\/v2\/pages\/110"}],"collection":[{"href":"https:\/\/www.parkado.se\/cms\/index.php?rest_route=\/wp\/v2\/pages"}],"about":[{"href":"https:\/\/www.parkado.se\/cms\/index.php?rest_route=\/wp\/v2\/types\/page"}],"author":[{"embeddable":true,"href":"https:\/\/www.parkado.se\/cms\/index.php?rest_route=\/wp\/v2\/users\/1"}],"replies":[{"embeddable":true,"href":"https:\/\/www.parkado.se\/cms\/index.php?rest_route=%2Fwp%2Fv2%2Fcomments&post=110"}],"version-history":[{"count":6,"href":"https:\/\/www.parkado.se\/cms\/index.php?rest_route=\/wp\/v2\/pages\/110\/revisions"}],"predecessor-version":[{"id":117,"href":"https:\/\/www.parkado.se\/cms\/index.php?rest_route=\/wp\/v2\/pages\/110\/revisions\/117"}],"up":[{"embeddable":true,"href":"https:\/\/www.parkado.se\/cms\/index.php?rest_route=\/wp\/v2\/pages\/41"}],"wp:attachment":[{"href":"https:\/\/www.parkado.se\/cms\/index.php?rest_route=%2Fwp%2Fv2%2Fmedia&parent=110"}],"curies":[{"name":"wp","href":"https:\/\/api.w.org\/{rel}","templated":true}]}}